{"id":87,"date":"2018-12-29T16:20:02","date_gmt":"2018-12-29T16:20:02","guid":{"rendered":"https:\/\/peritoengrafoscopiaenmerida.wordpress.com\/?page_id=3"},"modified":"2018-12-29T16:20:02","modified_gmt":"2018-12-29T16:20:02","slug":"contacto","status":"publish","type":"page","link":"https:\/\/aguilarlopeserviciospericiales.com\/index.php\/contacto\/","title":{"rendered":"Contacto"},"content":{"rendered":"<p>Es una p\u00e1gina de contacto con informaci\u00f3n b\u00e1sica y un formulario de contacto. [contact-form][contact-field label=\u00bbNombre\u00bb type=\u00bbname\u00bb required=\u00bb1&#8243;\/][contact-field label=\u00bbCorreo electr\u00f3nico\u00bb type=\u00bbemail\u00bb required=\u00bb1&#8243;\/][contact-field label=\u00bbSitio web\u00bb type=\u00bburl\u00bb\/][contact-field label=\u00bbComentario\u00bb type=\u00bbtextarea\u00bb required=\u00bb1&#8243;\/][\/contact-form]<\/p>\n","protected":false},"excerpt":{"rendered":"<p>Es una p\u00e1gina de contacto con informaci\u00f3n b\u00e1sica y un formulario de contacto. [contact-form][contact-field label=\u00bbNombre\u00bb type=\u00bbname\u00bb required=\u00bb1&#8243;\/][contact-field label=\u00bbCorreo electr\u00f3nico\u00bb type=\u00bbemail\u00bb required=\u00bb1&#8243;\/][contact-field label=\u00bbSitio web\u00bb type=\u00bburl\u00bb\/][contact-field label=\u00bbComentario\u00bb type=\u00bbtextarea\u00bb required=\u00bb1&#8243;\/][\/contact-form]<\/p>\n","protected":false},"author":2,"featured_media":0,"parent":0,"menu_order":2,"comment_status":"closed","ping_status":"closed","template":"","meta":{"_et_pb_use_builder":"","_et_pb_old_content":"","_et_gb_content_width":"","footnotes":""},"class_list":["post-87","page","type-page","status-publish","hentry"],"_links":{"self":[{"href":"https:\/\/aguilarlopeserviciospericiales.com\/index.php\/wp-json\/wp\/v2\/pages\/87","targetHints":{"allow":["GET"]}}],"collection":[{"href":"https:\/\/aguilarlopeserviciospericiales.com\/index.php\/wp-json\/wp\/v2\/pages"}],"about":[{"href":"https:\/\/aguilarlopeserviciospericiales.com\/index.php\/wp-json\/wp\/v2\/types\/page"}],"author":[{"embeddable":true,"href":"https:\/\/aguilarlopeserviciospericiales.com\/index.php\/wp-json\/wp\/v2\/users\/2"}],"replies":[{"embeddable":true,"href":"https:\/\/aguilarlopeserviciospericiales.com\/index.php\/wp-json\/wp\/v2\/comments?post=87"}],"version-history":[{"count":0,"href":"https:\/\/aguilarlopeserviciospericiales.com\/index.php\/wp-json\/wp\/v2\/pages\/87\/revisions"}],"wp:attachment":[{"href":"https:\/\/aguilarlopeserviciospericiales.com\/index.php\/wp-json\/wp\/v2\/media?parent=87"}],"curies":[{"name":"wp","href":"https:\/\/api.w.org\/{rel}","templated":true}]}}