{"id":85,"date":"2018-12-29T16:20:03","date_gmt":"2018-12-29T16:20:03","guid":{"rendered":"https:\/\/peritoengrafoscopiaenmerida.wordpress.com\/?page_id=2"},"modified":"2018-12-29T16:20:03","modified_gmt":"2018-12-29T16:20:03","slug":"acerca-de","status":"publish","type":"page","link":"https:\/\/aguilarlopeserviciospericiales.com\/index.php\/acerca-de\/","title":{"rendered":"Acerca de"},"content":{"rendered":"<p>Este es un ejemplo de una p\u00e1gina Acerca de. A diferencia de las entradas, las p\u00e1ginas se ajustan mejor a un contenido atemporal que quiere ser m\u00e1s accesible, como la informaci\u00f3n en las p\u00e1ginas Acerca de o Contacto. Haz clic en el enlace \u00abEditar\u00bb para hacer cambios en esta p\u00e1gina o <a href=\"https:\/\/wordpress.com\/page\">a\u00f1adir otra<\/a>.<\/p>\n","protected":false},"excerpt":{"rendered":"<p>Este es un ejemplo de una p\u00e1gina Acerca de. A diferencia de las entradas, las p\u00e1ginas se ajustan mejor a un contenido atemporal que quiere ser m\u00e1s accesible, como la informaci\u00f3n en las p\u00e1ginas Acerca de o Contacto. Haz clic en el enlace \u00abEditar\u00bb para hacer cambios en esta p\u00e1gina o a\u00f1adir otra.<\/p>\n","protected":false},"author":2,"featured_media":0,"parent":0,"menu_order":1,"comment_status":"closed","ping_status":"closed","template":"","meta":{"_et_pb_use_builder":"","_et_pb_old_content":"","_et_gb_content_width":"","footnotes":""},"class_list":["post-85","page","type-page","status-publish","hentry"],"_links":{"self":[{"href":"https:\/\/aguilarlopeserviciospericiales.com\/index.php\/wp-json\/wp\/v2\/pages\/85","targetHints":{"allow":["GET"]}}],"collection":[{"href":"https:\/\/aguilarlopeserviciospericiales.com\/index.php\/wp-json\/wp\/v2\/pages"}],"about":[{"href":"https:\/\/aguilarlopeserviciospericiales.com\/index.php\/wp-json\/wp\/v2\/types\/page"}],"author":[{"embeddable":true,"href":"https:\/\/aguilarlopeserviciospericiales.com\/index.php\/wp-json\/wp\/v2\/users\/2"}],"replies":[{"embeddable":true,"href":"https:\/\/aguilarlopeserviciospericiales.com\/index.php\/wp-json\/wp\/v2\/comments?post=85"}],"version-history":[{"count":0,"href":"https:\/\/aguilarlopeserviciospericiales.com\/index.php\/wp-json\/wp\/v2\/pages\/85\/revisions"}],"wp:attachment":[{"href":"https:\/\/aguilarlopeserviciospericiales.com\/index.php\/wp-json\/wp\/v2\/media?parent=85"}],"curies":[{"name":"wp","href":"https:\/\/api.w.org\/{rel}","templated":true}]}}