{"id":5,"date":"2018-12-29T16:20:00","date_gmt":"2018-12-29T16:20:00","guid":{"rendered":"https:\/\/peritoengrafoscopiaenmerida.wordpress.com\/?page_id=5"},"modified":"2018-12-29T16:20:00","modified_gmt":"2018-12-29T16:20:00","slug":"inicio-2","status":"publish","type":"page","link":"https:\/\/aguilarlopeserviciospericiales.com\/index.php\/contacto\/inicio-2\/","title":{"rendered":"\u00a1Bienvenido!"},"content":{"rendered":"\n<p class=\"has-text-align-justify\">En esta p\u00e1gina, podr\u00e1 Usted encontrar contenido de inter\u00e9s jur\u00eddico y criminal\u00edstico desde la \u00d3ptica de los colaboradores del Despacho Aguilar Lope Servicios Periciales, el Abogado Iv\u00e1n Alonso Aguilar Lope, quienes son Peritos en Grafoscop\u00eda, Documentoscop\u00eda y Dactiloscop\u00eda en la ciudad de M\u00e9rida, Yucat\u00e1n.<\/p>\n\n\n\n<div class=\"wp-block-jetpack-slideshow aligncenter\" data-effect=\"slide\"><div class=\"wp-block-jetpack-slideshow_container swiper-container\"><ul class=\"wp-block-jetpack-slideshow_swiper-wrapper swiper-wrapper\"><li class=\"wp-block-jetpack-slideshow_slide swiper-slide\"><figure><img decoding=\"async\" alt=\"\" class=\"wp-block-jetpack-slideshow_image wp-image-243\" data-id=\"243\" src=\"https:\/\/peritoengrafoscopiaenmerida.wordpress.com\/wp-content\/uploads\/2020\/01\/mg_7762.jpg?w=1024\" \/><\/figure><\/li><li class=\"wp-block-jetpack-slideshow_slide swiper-slide\"><figure><img decoding=\"async\" alt=\"\" class=\"wp-block-jetpack-slideshow_image wp-image-244\" data-id=\"244\" src=\"https:\/\/peritoengrafoscopiaenmerida.wordpress.com\/wp-content\/uploads\/2020\/01\/img_7703.jpg?w=1024\" \/><\/figure><\/li><li class=\"wp-block-jetpack-slideshow_slide swiper-slide\"><figure><img decoding=\"async\" alt=\"\" class=\"wp-block-jetpack-slideshow_image wp-image-245\" data-id=\"245\" src=\"https:\/\/peritoengrafoscopiaenmerida.wordpress.com\/wp-content\/uploads\/2020\/01\/dsc5680.jpg?w=680\" \/><\/figure><\/li><li class=\"wp-block-jetpack-slideshow_slide swiper-slide\"><figure><img decoding=\"async\" alt=\"\" class=\"wp-block-jetpack-slideshow_image wp-image-246\" data-id=\"246\" src=\"https:\/\/peritoengrafoscopiaenmerida.wordpress.com\/wp-content\/uploads\/2020\/01\/img_1986.jpg?w=1024\" \/><\/figure><\/li><li class=\"wp-block-jetpack-slideshow_slide swiper-slide\"><figure><img decoding=\"async\" alt=\"\" class=\"wp-block-jetpack-slideshow_image wp-image-247\" data-id=\"247\" src=\"https:\/\/peritoengrafoscopiaenmerida.wordpress.com\/wp-content\/uploads\/2020\/01\/img_6615_rt.jpg?w=1024\" \/><\/figure><\/li><li class=\"wp-block-jetpack-slideshow_slide swiper-slide\"><figure><img decoding=\"async\" alt=\"\" class=\"wp-block-jetpack-slideshow_image wp-image-248\" data-id=\"248\" src=\"https:\/\/peritoengrafoscopiaenmerida.wordpress.com\/wp-content\/uploads\/2020\/01\/img_8613.jpg?w=1024\" \/><\/figure><\/li><li class=\"wp-block-jetpack-slideshow_slide swiper-slide\"><figure><img decoding=\"async\" alt=\"\" class=\"wp-block-jetpack-slideshow_image wp-image-249\" data-id=\"249\" src=\"https:\/\/peritoengrafoscopiaenmerida.wordpress.com\/wp-content\/uploads\/2020\/01\/img_9173.jpg?w=1024\" \/><\/figure><\/li><li class=\"wp-block-jetpack-slideshow_slide swiper-slide\"><figure><img decoding=\"async\" alt=\"\" class=\"wp-block-jetpack-slideshow_image wp-image-250\" data-id=\"250\" src=\"https:\/\/peritoengrafoscopiaenmerida.wordpress.com\/wp-content\/uploads\/2020\/01\/img_9191.jpg?w=1024\" \/><\/figure><\/li><\/ul><a class=\"wp-block-jetpack-slideshow_button-prev swiper-button-prev swiper-button-white\" role=\"button\"><\/a><a class=\"wp-block-jetpack-slideshow_button-next swiper-button-next swiper-button-white\" role=\"button\"><\/a><a aria-label=\"Pause Slideshow\" class=\"wp-block-jetpack-slideshow_button-pause\" role=\"button\"><\/a><div class=\"wp-block-jetpack-slideshow_pagination swiper-pagination swiper-pagination-white\"><\/div><\/div><\/div>\n\n\n\n<p class=\"has-text-align-justify\">Aguilar Lope Servicios Periciales, nace para cubrir la necesidad de servicios periciales confiables en la Ciudad de M\u00e9rida, Yucat\u00e1n. Contamos con servicios de asesoramiento juridico en el desarrollo de la prueba pericial para litigantes, que van desde estudios t\u00e9cnicos preliminares, ofrecimiento de la prueba, desahogo, y objeci\u00f3n de dict\u00e1menes periciales para restarle eficacia probatoria demostrando las \u00e1reas endebles de la pericial contraria. <\/p>\n\n\n\n<h2 class=\"wp-block-heading\"><strong><span class=\"has-inline-color has-red-color\">Publicaciones recientes:<\/span><\/strong><\/h2>\n\n\n\n\n\n<div class=\"wp-block-jetpack-subscriptions wp-block-jetpack-subscriptions__supports-newline wp-block-jetpack-subscriptions__use-newline wp-block-jetpack-subscriptions__show-subs\">\n\t\t\t[jetpack_subscription_form\n\t\t\t\tsubscribe_placeholder=\u00bbDirecci\u00f3n de correo electr\u00f3nico\u00bb\n\t\t\t\tshow_subscribers_total=\u00bbtrue\u00bb\n\t\t\t\tbutton_on_newline=\u00bbtrue\u00bb\n\t\t\t\tsubmit_button_text=\u00bbSuscribir\u00bb\n\t\t\t\tcustom_background_emailfield_color=\u00bbundefined\u00bb\n\t\t\t\tcustom_background_button_color=\u00bbundefined\u00bb\n\t\t\t\tcustom_text_button_color=\u00bbundefined\u00bb\n\t\t\t\tcustom_font_size=\u00bb16&#8243;\n\t\t\t\tcustom_border_radius=\u00bb0&#8243;\n\t\t\t\tcustom_border_weight=\u00bb1&#8243;\n\t\t\t\tcustom_border_color=\u00bbundefined\u00bb\n\t\t\t\tcustom_padding=\u00bb15&#8243;\n\t\t\t\tcustom_spacing=\u00bb10&#8243;\n\t\t\t\tsubmit_button_classes=\u00bbhas-text-color has-background-color has-background has-primary-background-color\u00bb\n\t\t\t\temail_field_classes=\u00bb\u00bb\n\t\t\t\tshow_only_email_and_button=\u00bbtrue\u00bb\n\t\t\t]<\/div>\n","protected":false},"excerpt":{"rendered":"<p>En esta p\u00e1gina, podr\u00e1 Usted encontrar contenido de inter\u00e9s jur\u00eddico y criminal\u00edstico desde la \u00d3ptica de los colaboradores del Despacho Aguilar Lope Servicios Periciales, el Abogado Iv\u00e1n Alonso Aguilar Lope, quienes son Peritos en Grafoscop\u00eda, Documentoscop\u00eda y Dactiloscop\u00eda en la ciudad de M\u00e9rida, Yucat\u00e1n. Aguilar Lope Servicios Periciales, nace para cubrir la necesidad de servicios [&hellip;]<\/p>\n","protected":false},"author":2,"featured_media":968,"parent":87,"menu_order":1,"comment_status":"open","ping_status":"closed","template":"","meta":{"_et_pb_use_builder":"","_et_pb_old_content":"","_et_gb_content_width":"","footnotes":""},"class_list":["post-5","page","type-page","status-publish","has-post-thumbnail","hentry"],"_links":{"self":[{"href":"https:\/\/aguilarlopeserviciospericiales.com\/index.php\/wp-json\/wp\/v2\/pages\/5","targetHints":{"allow":["GET"]}}],"collection":[{"href":"https:\/\/aguilarlopeserviciospericiales.com\/index.php\/wp-json\/wp\/v2\/pages"}],"about":[{"href":"https:\/\/aguilarlopeserviciospericiales.com\/index.php\/wp-json\/wp\/v2\/types\/page"}],"author":[{"embeddable":true,"href":"https:\/\/aguilarlopeserviciospericiales.com\/index.php\/wp-json\/wp\/v2\/users\/2"}],"replies":[{"embeddable":true,"href":"https:\/\/aguilarlopeserviciospericiales.com\/index.php\/wp-json\/wp\/v2\/comments?post=5"}],"version-history":[{"count":0,"href":"https:\/\/aguilarlopeserviciospericiales.com\/index.php\/wp-json\/wp\/v2\/pages\/5\/revisions"}],"up":[{"embeddable":true,"href":"https:\/\/aguilarlopeserviciospericiales.com\/index.php\/wp-json\/wp\/v2\/pages\/87"}],"wp:featuredmedia":[{"embeddable":true,"href":"https:\/\/aguilarlopeserviciospericiales.com\/index.php\/wp-json\/"}],"wp:attachment":[{"href":"https:\/\/aguilarlopeserviciospericiales.com\/index.php\/wp-json\/wp\/v2\/media?parent=5"}],"curies":[{"name":"wp","href":"https:\/\/api.w.org\/{rel}","templated":true}]}}